{"id":938,"date":"2023-09-15T17:39:37","date_gmt":"2023-09-15T17:39:37","guid":{"rendered":"https:\/\/manacadev.com.br\/?page_id=938"},"modified":"2023-09-15T20:17:34","modified_gmt":"2023-09-15T20:17:34","slug":"contratos","status":"publish","type":"page","link":"https:\/\/grupobrtelecom.com.br\/?page_id=938","title":{"rendered":"Contratos"},"content":{"rendered":"\t\t<div data-elementor-type=\"wp-post\" data-elementor-id=\"938\" class=\"elementor elementor-938\">\n\t\t\t\t\t\t<div class=\"elementor-inner\">\n\t\t\t\t<div class=\"elementor-section-wrap\">\n\t\t\t\t\t\t\t\t\t<section class=\"elementor-section elementor-top-section elementor-element elementor-element-3473b11 elementor-reverse-mobile elementor-section-boxed elementor-section-height-default elementor-section-height-default\" data-id=\"3473b11\" data-element_type=\"section\" data-settings=\"{&quot;background_background&quot;:&quot;classic&quot;}\">\n\t\t\t\t\t\t<div class=\"elementor-container elementor-column-gap-default\">\n\t\t\t\t\t\t\t<div class=\"elementor-row\">\n\t\t\t\t\t<div class=\"aux-parallax-section elementor-column elementor-col-50 elementor-top-column elementor-element elementor-element-34a5527\" data-id=\"34a5527\" data-element_type=\"column\">\n\t\t\t<div class=\"elementor-column-wrap elementor-element-populated\">\n\t\t\t\t\t\t\t<div class=\"elementor-widget-wrap\">\n\t\t\t\t\t\t<div class=\"elementor-element elementor-element-3129cc8 aux-appear-watch-animation aux-mask-from-left elementor-widget elementor-widget-aux_modern_heading\" data-id=\"3129cc8\" data-element_type=\"widget\" data-widget_type=\"aux_modern_heading.default\">\n\t\t\t\t<div class=\"elementor-widget-container\">\n\t\t\t<section class=\"aux-widget-modern-heading\">\n            <div class=\"aux-widget-inner\"><h1 class=\"aux-modern-heading-primary\">Contratos<\/h1><div class=\"aux-modern-heading-description\"><p>Outra forma de contrata\u00e7\u00e3o de servi\u00e7os \u00e9 aquisi\u00e7\u00e3o de contrato de suporte, essa modalidade poder\u00e1 ser adquirida em duas a\u00e7\u00f5es com t\u00e9cnico residente ou chamados avulsos.<\/p>\n<p>\u00a0<\/p>\n<p><span class=\"JsGRdQ\">O <strong>Grupo brtelecom<\/strong> oferece em seu portf\u00f3lio op\u00e7\u00f5es de contratos por hora t\u00e9cnica ou valor fixo mensal, ambos formatos atendem todo nosso portf\u00f3lio de servi\u00e7o e equipamentos. Fa\u00e7a um or\u00e7amento com nossos consultores!<br \/><\/span><\/p><\/div><\/div>\n        <\/section>\t\t<\/div>\n\t\t\t\t<\/div>\n\t\t\t\t\t\t<\/div>\n\t\t\t\t\t<\/div>\n\t\t<\/div>\n\t\t\t\t<div class=\"aux-parallax-section elementor-column elementor-col-50 elementor-top-column elementor-element elementor-element-bb68e64\" data-id=\"bb68e64\" data-element_type=\"column\">\n\t\t\t<div class=\"elementor-column-wrap elementor-element-populated\">\n\t\t\t\t\t\t\t<div class=\"elementor-widget-wrap\">\n\t\t\t\t\t\t<div class=\"elementor-element elementor-element-26b1372 aux-appear-watch-animation aux-mask-from-left elementor-widget elementor-widget-aux_image\" data-id=\"26b1372\" data-element_type=\"widget\" data-widget_type=\"aux_image.default\">\n\t\t\t\t<div class=\"elementor-widget-container\">\n\t\t\t<section class=\"widget-container aux-widget-image aux-alignnone aux-parent-auce41942e\">\n    <div class=\"aux-media-hint-frame \">\n        <div class=\"aux-media-image \" >\n        \n            \n\n            \n            <img loading=\"lazy\" decoding=\"async\" width=\"650\" height=\"650\" src=\"https:\/\/grupobrtelecom.com.br\/wp-content\/uploads\/2023\/09\/contratos-650x650.png\" class=\"aux-attachment aux-featured-image aux-attachment-id-1108\" alt=\"contratos\" srcset=\"https:\/\/grupobrtelecom.com.br\/wp-content\/uploads\/2023\/09\/contratos-150x150.png 150w,https:\/\/grupobrtelecom.com.br\/wp-content\/uploads\/2023\/09\/contratos-300x300.png 300w,https:\/\/grupobrtelecom.com.br\/wp-content\/uploads\/2023\/09\/contratos-768x768.png 768w,https:\/\/grupobrtelecom.com.br\/wp-content\/uploads\/2023\/09\/contratos-1024x1024.png 1024w,https:\/\/grupobrtelecom.com.br\/wp-content\/uploads\/2023\/09\/contratos-650x650.png 650w\" data-ratio=\"1\" data-original-w=\"1080\" sizes=\"(max-width:479px) 480px,(max-width:767px) 768px,(max-width:1023px) 1024px,650px\" \/>            \n                <\/div>\n    <\/div>\n\n<\/section><!-- widget-container -->\t\t<\/div>\n\t\t\t\t<\/div>\n\t\t\t\t\t\t<\/div>\n\t\t\t\t\t<\/div>\n\t\t<\/div>\n\t\t\t\t\t\t\t\t<\/div>\n\t\t\t\t\t<\/div>\n\t\t<\/section>\n\t\t\t\t<section class=\"elementor-section elementor-top-section elementor-element elementor-element-18d312a elementor-section-boxed elementor-section-height-default elementor-section-height-default\" data-id=\"18d312a\" data-element_type=\"section\" data-settings=\"{&quot;background_background&quot;:&quot;classic&quot;}\">\n\t\t\t\t\t\t\t<div class=\"elementor-background-overlay\"><\/div>\n\t\t\t\t\t\t\t<div class=\"elementor-container elementor-column-gap-default\">\n\t\t\t\t\t\t\t<div class=\"elementor-row\">\n\t\t\t\t\t<div class=\"aux-parallax-section elementor-column elementor-col-50 elementor-top-column elementor-element elementor-element-e4cf3ca\" data-id=\"e4cf3ca\" data-element_type=\"column\">\n\t\t\t<div class=\"elementor-column-wrap elementor-element-populated\">\n\t\t\t\t\t\t\t<div class=\"elementor-widget-wrap\">\n\t\t\t\t\t\t<div class=\"elementor-element elementor-element-8f74ab1 aux-appear-watch-animation aux-fade-in-up elementor-widget__width-initial elementor-widget-tablet__width-initial elementor-widget elementor-widget-aux_modern_heading\" data-id=\"8f74ab1\" data-element_type=\"widget\" data-widget_type=\"aux_modern_heading.default\">\n\t\t\t\t<div class=\"elementor-widget-container\">\n\t\t\t<section class=\"aux-widget-modern-heading\">\n            <div class=\"aux-widget-inner\"><h6 class=\"aux-modern-heading-primary\"><\/h6><h3 class=\"aux-modern-heading-secondary\"><span class=\"aux-head-before\">Fa\u00e7a um or\u00e7amento do seu projeto<\/span><\/h3><div class=\"aux-modern-heading-description\"><p>Nosso time est\u00e1 apto e garante a execu\u00e7\u00e3o com 100% de satisfa\u00e7\u00e3o dos nossos clientes, contando com Gestores de Projetos experientes em ferramentas em ITIL, PMI e ISOS, que est\u00e3o presentes em todas as fases do projeto, garantindo prazos, or\u00e7amentos e qualidade total na entrega. Entre em contato atrav\u00e9s do telefone ou e-mail abaixo, ou se preferir, solicite um contato pelo formul\u00e1rio de solicita\u00e7\u00e3o.<\/p><\/div><\/div>\n        <\/section>\t\t<\/div>\n\t\t\t\t<\/div>\n\t\t\t\t<div class=\"elementor-element elementor-element-76584ab elementor-widget elementor-widget-aux_modern_button\" data-id=\"76584ab\" data-element_type=\"widget\" data-widget_type=\"aux_modern_button.default\">\n\t\t\t\t<div class=\"elementor-widget-container\">\n\t\t\t    <div class=\"aux-modern-button-wrapper aux-modern-button-align-left\" >\n                    <a class=\"aux-modern-button aux-caution aux-modern-button-lg aux-modern-button-curve aux-modern-button-outline aux-icon-\" href=\"https:\/\/manacadev.com.br\/contact-page\/\">\n                <div class=\"aux-overlay\"><\/div>\n                                    <div class=\"aux-icon \">\n                                            <\/div>\n                                <div class=\"aux-text\">\n<span class=\"aux-text-before\">Pe\u00e7a um or\u00e7amento<\/span>                <\/div>\n            <\/a>\n            \n    <\/div>\n\n    \t\t<\/div>\n\t\t\t\t<\/div>\n\t\t\t\t\t\t<\/div>\n\t\t\t\t\t<\/div>\n\t\t<\/div>\n\t\t\t\t<div class=\"aux-parallax-section elementor-column elementor-col-50 elementor-top-column elementor-element elementor-element-0ba4222\" data-id=\"0ba4222\" data-element_type=\"column\">\n\t\t\t<div class=\"elementor-column-wrap elementor-element-populated\">\n\t\t\t\t\t\t\t<div class=\"elementor-widget-wrap\">\n\t\t\t\t\t\t<div class=\"elementor-element elementor-element-85e50c0 elementor-widget elementor-widget-aux_image\" data-id=\"85e50c0\" data-element_type=\"widget\" data-widget_type=\"aux_image.default\">\n\t\t\t\t<div class=\"elementor-widget-container\">\n\t\t\t<section class=\"widget-container aux-widget-image aux-alignnone aux-parent-au8982d44f\">\n    <div class=\"aux-media-hint-frame \">\n        <div class=\"aux-media-image \" >\n        \n            \n\n            \n            <img loading=\"lazy\" decoding=\"async\" width=\"522\" height=\"480\" src=\"https:\/\/grupobrtelecom.com.br\/wp-content\/uploads\/2023\/09\/cta-man3.png\" class=\"aux-attachment aux-featured-image aux-attachment-id-905\" alt=\"cta-man3\" data-ratio=\"1.09\" data-original-w=\"522\" \/>            \n                <\/div>\n    <\/div>\n\n<\/section><!-- widget-container -->\t\t<\/div>\n\t\t\t\t<\/div>\n\t\t\t\t\t\t<\/div>\n\t\t\t\t\t<\/div>\n\t\t<\/div>\n\t\t\t\t\t\t\t\t<\/div>\n\t\t\t\t\t<\/div>\n\t\t<\/section>\n\t\t\t\t<section class=\"elementor-section elementor-top-section elementor-element elementor-element-23dcb4e elementor-section-boxed elementor-section-height-default elementor-section-height-default\" data-id=\"23dcb4e\" data-element_type=\"section\">\n\t\t\t\t\t\t<div class=\"elementor-container elementor-column-gap-default\">\n\t\t\t\t\t\t\t<div class=\"elementor-row\">\n\t\t\t\t\t<div class=\"aux-parallax-section elementor-column elementor-col-100 elementor-top-column elementor-element elementor-element-6104125\" data-id=\"6104125\" data-element_type=\"column\">\n\t\t\t<div class=\"elementor-column-wrap\">\n\t\t\t\t\t\t\t<div class=\"elementor-widget-wrap\">\n\t\t\t\t\t\t\t\t<\/div>\n\t\t\t\t\t<\/div>\n\t\t<\/div>\n\t\t\t\t\t\t\t\t<\/div>\n\t\t\t\t\t<\/div>\n\t\t<\/section>\n\t\t\t\t\t\t\t\t\t<\/div>\n\t\t\t<\/div>\n\t\t\t\t\t<\/div>\n\t\t","protected":false},"excerpt":{"rendered":"<p>Contratos Outra forma de contrata\u00e7\u00e3o de servi\u00e7os \u00e9 aquisi\u00e7\u00e3o de contrato de suporte, essa modalidade poder\u00e1 ser adquirida em duas a\u00e7\u00f5es com t\u00e9cnico residente ou chamados avulsos. \u00a0 O Grupo brtelecom oferece em seu portf\u00f3lio op\u00e7\u00f5es de contratos por hora t\u00e9cnica ou valor fixo mensal, ambos formatos atendem todo nosso portf\u00f3lio de servi\u00e7o e equipamentos. [&hellip;]<\/p>\n","protected":false},"author":1,"featured_media":0,"parent":0,"menu_order":0,"comment_status":"closed","ping_status":"closed","template":"","meta":{"footnotes":""},"_links":{"self":[{"href":"https:\/\/grupobrtelecom.com.br\/index.php?rest_route=\/wp\/v2\/pages\/938"}],"collection":[{"href":"https:\/\/grupobrtelecom.com.br\/index.php?rest_route=\/wp\/v2\/pages"}],"about":[{"href":"https:\/\/grupobrtelecom.com.br\/index.php?rest_route=\/wp\/v2\/types\/page"}],"author":[{"embeddable":true,"href":"https:\/\/grupobrtelecom.com.br\/index.php?rest_route=\/wp\/v2\/users\/1"}],"replies":[{"embeddable":true,"href":"https:\/\/grupobrtelecom.com.br\/index.php?rest_route=%2Fwp%2Fv2%2Fcomments&post=938"}],"version-history":[{"count":7,"href":"https:\/\/grupobrtelecom.com.br\/index.php?rest_route=\/wp\/v2\/pages\/938\/revisions"}],"predecessor-version":[{"id":1111,"href":"https:\/\/grupobrtelecom.com.br\/index.php?rest_route=\/wp\/v2\/pages\/938\/revisions\/1111"}],"wp:attachment":[{"href":"https:\/\/grupobrtelecom.com.br\/index.php?rest_route=%2Fwp%2Fv2%2Fmedia&parent=938"}],"curies":[{"name":"wp","href":"https:\/\/api.w.org\/{rel}","templated":true}]}}