{"id":3,"date":"2023-06-27T21:19:08","date_gmt":"2023-06-27T21:19:08","guid":{"rendered":"https:\/\/manacadev.com.br\/?page_id=3"},"modified":"2024-12-02T19:06:03","modified_gmt":"2024-12-02T19:06:03","slug":"privacy-policy","status":"publish","type":"page","link":"https:\/\/grupobrtelecom.com.br\/?page_id=3","title":{"rendered":"Lei Geral de Prote\u00e7\u00e3o de Dados"},"content":{"rendered":"\n<h2 class=\"wp-block-heading\"><strong>Lei Geral de Prote\u00e7\u00e3o de Dados<\/strong><\/h2>\n\n\n\n<p>A Lei Geral da Prote\u00e7\u00e3o de Dados (LGPD) \u00e9 um regulamento do Brasil que se aplica a todas as organiza\u00e7\u00f5es que coletam e processam dados pessoais de cidad\u00e3os brasileiros.<\/p>\n\n\n\n<p>Como uma empresa respons\u00e1vel e voltada para o futuro, O Grupo brtelecom reconhece a necessidade de cumprir com a LGPD e garantir que medidas eficazes sejam realizadas para proteger os dados pessoais de nossos clientes, funcion\u00e1rios e outros interessados.<\/p>\n\n\n\n<p>O compromisso com a seguran\u00e7a dos dados pessoais se estende aos diretores e colaboradores da organiza\u00e7\u00e3o e ser\u00e1 demonstrado por meio das pol\u00edticas relevantes e do fornecimento de recursos apropriados para estabelecer e desenvolver controles eficazes de prote\u00e7\u00e3o de dados e seguran\u00e7a da informa\u00e7\u00e3o.<\/p>\n\n\n\n<p>Como parte do cumprimento de nossas obriga\u00e7\u00f5es, implementaremos um programa abrangente para validar o uso de dados pessoais e para reafirmar a base legal de nossos procedimentos.<\/p>\n\n\n\n<p>Ser\u00e1 disponibilizada uma Pol\u00edtica de Prote\u00e7\u00e3o de Dados e Privacidade atualizada dispon\u00edvel em formato impresso e eletr\u00f4nico que ser\u00e1 divulgada dentro da empresa e para todas os terceiros interessados.<\/p>\n\n\n\n<p>Tamb\u00e9m asseguraremos que uma revis\u00e3o sistem\u00e1tica do programa seja conduzida regularmente para garantir que seus objetivos sejam alcan\u00e7ados e que quest\u00f5es relevantes sejam identificadas e abordadas. O gerenciamento de riscos ocorrer\u00e1 em v\u00e1rios n\u00edveis incluindo:<\/p>\n\n\n\n<ul>\n<li>Avalia\u00e7\u00e3o de riscos para os dados pessoais que coletamos e tratamos;<\/li>\n\n\n\n<li>Avalia\u00e7\u00f5es regulares de riscos de seguran\u00e7a da informa\u00e7\u00e3o dentro de \u00e1reas operacionais espec\u00edficas;<\/li>\n\n\n\n<li>Avalia\u00e7\u00f5es do Impacto de Prote\u00e7\u00e3o de Dados.<\/li>\n<\/ul>\n\n\n\n<p>Encorajamos todos os funcion\u00e1rios e parceiros de neg\u00f3cios a garantir que cumpram sua parte na implementa\u00e7\u00e3o do programa de LGPD e todos nossos objetivos de seguran\u00e7a da informa\u00e7\u00e3o.<\/p>\n\n\n\n<p>Visualize a nossa <a href=\"https:\/\/grupobrtelecom.com.br\/wp-content\/uploads\/2021\/07\/Carta-de-compromisso-da-Alta-Direcao.pdf\"><strong>Carta de Compromisso<\/strong><\/a> na \u00edntegra;<\/p>\n\n\n\n<h2 class=\"wp-block-heading\">Pol\u00edtica de Privacidade<\/h2>\n\n\n\n<ol>\n<li><strong>Introdu\u00e7\u00e3o<\/strong><\/li>\n<\/ol>\n\n\n\n<p>A sua privacidade \u00e9 importante para n\u00f3s. Essa pol\u00edtica de privacidade explica como o <strong>Grupo brtelecom<\/strong>, coleta, processa, usa, protege e compartilham os dados pessoais que obtemos sobre voc\u00ea, de acordo com os seus direitos de privacidade sob as leis aplic\u00e1veis, incluindo a Lei Geral de Prote\u00e7\u00e3o de Dados do Brasil (Lei 13.709\/2018).<\/p>\n\n\n\n<ol start=\"2\">\n<li><strong>Tratamento de dados pessoais<\/strong><\/li>\n<\/ol>\n\n\n\n<p>Nome, telefone e e-mail fornecidos diretamente por voc\u00ea em&nbsp;<a href=\"https:\/\/grupobrtelecom.com.br\/#contato-home\">nossa p\u00e1gina de contato<\/a>.<br>Utilizamos esses dados para responder ao seu formul\u00e1rio de contato e para enviar informativos e promo\u00e7\u00f5es exclusivas sobre os nossos servi\u00e7os e produtos.<br>Caso n\u00e3o queira mais receber nossos comunicados, basta enviar sua solicita\u00e7\u00e3o para o e-mail&nbsp;<a href=\"mailto:lgpd@grupobrtelecom.com.br\"><strong>lgpd@grupobrtelecom.com.br<\/strong><\/a> . Este endere\u00e7o eletr\u00f4nico \u00e9 respons\u00e1vel pelo tratamento de dados pessoais na Grupo brtelecom.<\/p>\n\n\n\n<ol start=\"3\">\n<li><strong>Dados de crian\u00e7as e\/ou adolescentes<\/strong><\/li>\n<\/ol>\n\n\n\n<p>Entendemos a import\u00e2ncia de tomar precau\u00e7\u00f5es extras para proteger a privacidade e a seguran\u00e7a das crian\u00e7as e\/ou adolescentes que usam nossos produtos, servi\u00e7os e nosso site. Crian\u00e7as ou adolescentes, menores de 18 anos, n\u00e3o devem compartilhar suas informa\u00e7\u00f5es pessoais a menos que seus pais ou respons\u00e1veis forne\u00e7am consentimento verific\u00e1vel. Se, a qualquer momento, um pai ou respons\u00e1vel precisar acessar ou excluir dados associados \u00e0 conta de seu filho ou respons\u00e1vel, ele pode entrar em contato conosco atrav\u00e9s de uma das op\u00e7\u00f5es fornecidas nesta pol\u00edtica de privacidade.<\/p>\n\n\n\n<ol start=\"4\">\n<li><strong>Seus direitos de Titular de dados pessoais<\/strong><\/li>\n<\/ol>\n\n\n\n<p>Voc\u00ea tem direitos de privacidade de acordo com a lei brasileira aplic\u00e1vel, incluindo:<\/p>\n\n\n\n<ul>\n<li>Direito ao conhecimento: Voc\u00ea pode ter direito de confirma\u00e7\u00e3o da exist\u00eancia de tratamento de dados pessoais que coletamos sobre voc\u00ea e para que finalidade.<\/li>\n\n\n\n<li>Direito de acesso: Voc\u00ea pode ter o direito de solicitar informa\u00e7\u00f5es sobre os dados pessoais que possu\u00edmos e obter uma c\u00f3pia dessas informa\u00e7\u00f5es pessoais.<\/li>\n\n\n\n<li>Direito de retifica\u00e7\u00e3o: Voc\u00ea pode ter o direito de solicitar corre\u00e7\u00e3o de dados incompletos, imprecisos ou desatualizados.<\/li>\n\n\n\n<li>Direito de estar livre de discrimina\u00e7\u00e3o: o <strong>Grupo brtelecom<\/strong> n\u00e3o discriminar\u00e1 voc\u00ea por qualquer informa\u00e7\u00e3o ou por exercer seus direitos de privacidade.<\/li>\n<\/ul>\n\n\n\n<ol start=\"5\">\n<li><strong>Medidas de Seguran\u00e7a<\/strong><\/li>\n<\/ol>\n\n\n\n<ul>\n<li>Tomaremos as devidas precau\u00e7\u00f5es t\u00e9cnicas e organizacionais para evitar a perda, uso indevido ou altera\u00e7\u00e3o de suas informa\u00e7\u00f5es pessoais.<\/li>\n\n\n\n<li>Armazenaremos todas as informa\u00e7\u00f5es pessoais que voc\u00ea fornecer em nosso site seguro (protegidas por senha e firewall).Todas as informa\u00e7\u00f5es enviadas atrav\u00e9s do nosso site ser\u00e3o protegidas pela tecnologia de criptografia.<\/li>\n\n\n\n<li>Verifica\u00e7\u00e3o e monitoramento de que nossos fornecedores e prestadores de servi\u00e7os tenham medidas de seguran\u00e7a t\u00e9cnica e organizacional apropriadas para manter suas informa\u00e7\u00f5es pessoais protegidas.<\/li>\n\n\n\n<li>Destrui\u00e7\u00e3o ou anonimiza\u00e7\u00e3o de informa\u00e7\u00f5es pessoais, quando exigido por lei.<\/li>\n<\/ul>\n\n\n\n<ol start=\"6\">\n<li><strong>Cookies<\/strong><\/li>\n<\/ol>\n\n\n\n<p>Nosso site usa cookies. Cookie \u00e9 um arquivo que cont\u00e9m um identificador (uma sequ\u00eancia de letras e n\u00fameros) enviado por um servidor da web para um navegador da web e armazenados pelo navegador.Os cookies normalmente n\u00e3o cont\u00eam nenhuma informa\u00e7\u00e3o que identifica pessoalmente um usu\u00e1rio, mas as informa\u00e7\u00f5es pessoais que armazenamos sobre voc\u00ea podem estar vinculadas \u00e0s informa\u00e7\u00f5es armazenadas e obtidas de cookies.<\/p>\n\n\n\n<p><strong>&nbsp;Como fa\u00e7o para n\u00e3o compartilhar meus dados?<\/strong><\/p>\n\n\n\n<ol>\n<li>Os nomes dos cookies que usamos em nosso site e os prop\u00f3sitos para que&nbsp;s\u00e3o usados, est\u00e3o descritos abaixo:<\/li>\n\n\n\n<li>Usamos o Google Analytics em nosso site para reconhecer um computador quando um usu\u00e1rio visita o site \/ acompanhar os usu\u00e1rios enquanto eles navegam no site \/ melhorar a usabilidade do site \/ analisar o uso do site \/ administrar o site \/ evitar fraudes e melhorar a seguran\u00e7a do site \/ destino que possa ser de particular interesse para usu\u00e1rios espec\u00edficos.<\/li>\n\n\n\n<li>A maioria dos navegadores permite que voc\u00ea se recuse a aceitar cookies \u2013 por exemplo: 3.1 No Internet Explorer (vers\u00e3o 10), voc\u00ea pode bloquear cookies usando as configura\u00e7\u00f5es de substitui\u00e7\u00e3o de manipula\u00e7\u00e3o de cookies dispon\u00edveis clicando em \u201cFerramentas\u201d \u201cOp\u00e7\u00f5es da Internet\u201d, \u201cPrivacidade\u201d e depois \u201cAvan\u00e7ado\u201d; 3.2 No Firefox (vers\u00e3o 24), voc\u00ea pode bloquear todos os cookies clicando em \u201cFerramentas\u201d \u201cOp\u00e7\u00f5es\u201d, \u201cPrivacidade\u201d, selecione \u201cUsar configura\u00e7\u00f5es personalizadas para o hist\u00f3rico\u201d em o menu suspenso e desmarcando \u201cAceitar cookies de sites\u201d; 3.3 No Chrome (vers\u00e3o 29), voc\u00ea pode bloquear todos os cookies acessando o Menu \u201cPersonalizar e controlar\u201d e clicar em \u201cConfigura\u00e7\u00f5es\u201d, \u201cMostrar configura\u00e7\u00f5es avan\u00e7adas\u201d e \u201cConfigura\u00e7\u00f5es de conte\u00fado\u201d e, em seguida, selecione \u201cBloquear sites definam dados\u201d sob o cabe\u00e7alho \u201cCookies\u201d.<\/li>\n\n\n\n<li>O bloqueio de todos os cookies ter\u00e1 um impacto negativo no uso de muitos sites. Se voc\u00ea bloquear os cookies, poder\u00e1 resultar na n\u00e3o utiliza\u00e7\u00e3o de todos os recursos dispon\u00edveis.<\/li>\n\n\n\n<li>Voc\u00ea pode excluir os cookies j\u00e1 armazenados no seu computador, por exemplo: 5.1. No Internet Explorer (vers\u00e3o 10), voc\u00ea deve excluir manualmente o cookie arquivos (voc\u00ea pode encontrar instru\u00e7\u00f5es para fazer isso em http:\/\/support.microsoft.com\/kb\/278835); 5.2. No Firefox (vers\u00e3o 24), voc\u00ea pode excluir os cookies clicando em \u201cFerramentas\u201d, \u201cOp\u00e7\u00f5es\u201d e \u201cPrivacidade\u201d e selecione \u201cUsar configura\u00e7\u00f5es personalizadas para hist\u00f3rico\u201d, clique em \u201cMostrar cookies\u201d e, em seguida, clique em \u201cRemover cookies\u201d; 5.3 No Chrome (vers\u00e3o 29), voc\u00ea pode excluir todos os cookies acessando Menu \u201cPersonalizar e controlar\u201d, clicar em \u201cConfigura\u00e7\u00f5es\u201d, \u201cMostrar configura\u00e7\u00f5es avan\u00e7adas\u201d e \u201cLimpar dados de navega\u00e7\u00e3o\u201d e selecione \u201cExclua cookies e outros dados do site e do plug-in\u201d antes de clicar em \u201cLimpar Dados de navega\u00e7\u00e3o.\u201d<\/li>\n\n\n\n<li>A exclus\u00e3o de cookies poder\u00e1 ter um impacto negativo no uso de muitos sites.<\/li>\n\n\n\n<li>Altera\u00e7\u00f5es a pr\u00f3pria pol\u00edtica de privacidade<\/li>\n<\/ol>\n\n\n\n<p>O Grupo brtelecom poder\u00e1 alterar esta Pol\u00edtica de Privacidade a qualquer tempo. Toda vez que alguma condi\u00e7\u00e3o relevante desta Pol\u00edtica de Privacidade for alterada, essas altera\u00e7\u00f5es ser\u00e3o v\u00e1lidas, eficazes e vinculantes ap\u00f3s a nova vers\u00e3o ser divulgada no nosso site.<\/p>\n\n\n\n<p>Ao continuar a usar nossos servi\u00e7os ap\u00f3s uma altera\u00e7\u00e3o na Pol\u00edtica de Privacidade, voc\u00ea estar\u00e1 concordando com as novas condi\u00e7\u00f5es \u2013 mas voc\u00ea sempre pode manifestar a sua discord\u00e2ncia por meio de nossos canais de atendimento, se for o caso.<\/p>\n\n\n\n<ol start=\"8\">\n<li><strong>Fale Conosco ou Canal de comunica\u00e7\u00e3o<\/strong><\/li>\n<\/ol>\n\n\n\n<p>Na formaliza\u00e7\u00e3o desta pol\u00edtica de privacidade, a <strong>Grupo brtelecom<\/strong> objetiva trazer informa\u00e7\u00f5es com clareza e objetividade.<br>Mantemos um canal de esclarecimentos para assuntos relacionados \u00e0 Lei Geral de Prote\u00e7\u00e3o de Dados, por meio do email: <a href=\"mailto:lgpd@grupobrtelecom.com.br\">lgpd@grupobrtelecom.com.br<\/a> .<\/p>\n\n\n\n<p><strong>Fernando Bonolo Reis \u2013 DPO<\/strong><\/p>\n\n\n\n<ol start=\"9\">\n<li><strong>\u00daltima atualiza\u00e7\u00e3o desta pol\u00edtica:<\/strong><\/li>\n<\/ol>\n\n\n\n<p><em><strong>Maio\/2022<\/strong><\/em><\/p>\n","protected":false},"excerpt":{"rendered":"<p>Lei Geral de Prote\u00e7\u00e3o de Dados A Lei Geral da Prote\u00e7\u00e3o de Dados (LGPD) \u00e9 um regulamento do Brasil que se aplica a todas as organiza\u00e7\u00f5es que coletam e processam dados pessoais de cidad\u00e3os brasileiros. Como uma empresa respons\u00e1vel e voltada para o futuro, O Grupo brtelecom reconhece a necessidade de cumprir com a LGPD [&hellip;]<\/p>\n","protected":false},"author":1,"featured_media":0,"parent":0,"menu_order":0,"comment_status":"closed","ping_status":"open","template":"","meta":{"footnotes":""},"_links":{"self":[{"href":"https:\/\/grupobrtelecom.com.br\/index.php?rest_route=\/wp\/v2\/pages\/3"}],"collection":[{"href":"https:\/\/grupobrtelecom.com.br\/index.php?rest_route=\/wp\/v2\/pages"}],"about":[{"href":"https:\/\/grupobrtelecom.com.br\/index.php?rest_route=\/wp\/v2\/types\/page"}],"author":[{"embeddable":true,"href":"https:\/\/grupobrtelecom.com.br\/index.php?rest_route=\/wp\/v2\/users\/1"}],"replies":[{"embeddable":true,"href":"https:\/\/grupobrtelecom.com.br\/index.php?rest_route=%2Fwp%2Fv2%2Fcomments&post=3"}],"version-history":[{"count":3,"href":"https:\/\/grupobrtelecom.com.br\/index.php?rest_route=\/wp\/v2\/pages\/3\/revisions"}],"predecessor-version":[{"id":786,"href":"https:\/\/grupobrtelecom.com.br\/index.php?rest_route=\/wp\/v2\/pages\/3\/revisions\/786"}],"wp:attachment":[{"href":"https:\/\/grupobrtelecom.com.br\/index.php?rest_route=%2Fwp%2Fv2%2Fmedia&parent=3"}],"curies":[{"name":"wp","href":"https:\/\/api.w.org\/{rel}","templated":true}]}}