{"id":265,"date":"2023-06-29T18:09:03","date_gmt":"2023-06-29T18:09:03","guid":{"rendered":"https:\/\/manacadev.com.br\/?page_id=265"},"modified":"2023-09-21T16:31:18","modified_gmt":"2023-09-21T16:31:18","slug":"sistemas-eletricos","status":"publish","type":"page","link":"https:\/\/grupobrtelecom.com.br\/?page_id=265","title":{"rendered":"Sistemas El\u00e9tricos"},"content":{"rendered":"\t\t<div data-elementor-type=\"wp-post\" data-elementor-id=\"265\" class=\"elementor elementor-265\">\n\t\t\t\t\t\t<div class=\"elementor-inner\">\n\t\t\t\t<div class=\"elementor-section-wrap\">\n\t\t\t\t\t\t\t\t\t<section class=\"elementor-section elementor-top-section elementor-element elementor-element-3473b11 elementor-reverse-mobile elementor-section-boxed elementor-section-height-default elementor-section-height-default\" data-id=\"3473b11\" data-element_type=\"section\">\n\t\t\t\t\t\t<div class=\"elementor-container elementor-column-gap-default\">\n\t\t\t\t\t\t\t<div class=\"elementor-row\">\n\t\t\t\t\t<div class=\"aux-parallax-section elementor-column elementor-col-50 elementor-top-column elementor-element elementor-element-34a5527\" data-id=\"34a5527\" data-element_type=\"column\">\n\t\t\t<div class=\"elementor-column-wrap elementor-element-populated\">\n\t\t\t\t\t\t\t<div class=\"elementor-widget-wrap\">\n\t\t\t\t\t\t<div class=\"elementor-element elementor-element-3129cc8 aux-appear-watch-animation aux-mask-from-left elementor-widget elementor-widget-aux_modern_heading\" data-id=\"3129cc8\" data-element_type=\"widget\" data-widget_type=\"aux_modern_heading.default\">\n\t\t\t\t<div class=\"elementor-widget-container\">\n\t\t\t<section class=\"aux-widget-modern-heading\">\n            <div class=\"aux-widget-inner\"><h2 class=\"aux-modern-heading-primary\"><\/h2><h3 class=\"aux-modern-heading-secondary\"><span class=\"aux-head-before\">Alto padr\u00e3o de qualidade<\/span><span class=\"aux-head-highlight\">Sistemas El\u00e9tricos<\/span><\/h3><\/div>\n        <\/section>\t\t<\/div>\n\t\t\t\t<\/div>\n\t\t\t\t<div class=\"elementor-element elementor-element-d768161 aux-appear-watch-animation aux-fade-in-up elementor-widget elementor-widget-text-editor\" data-id=\"d768161\" data-element_type=\"widget\" data-widget_type=\"text-editor.default\">\n\t\t\t\t<div class=\"elementor-widget-container\">\n\t\t\t\t\t\t\t\t<div class=\"elementor-text-editor elementor-clearfix\">\n\t\t\t\t<div class=\"wpb_text_column wpb_content_element cr-animate-gen animation-done\" data-animate-type=\"transition.expandIn\"><div class=\"wpb_wrapper\"><p>O<strong> Grupo brtelecom<\/strong> oferece a sua empresa uma solu\u00e7\u00e3o completa em energia solar fotovoltaica. Ideal para aplica\u00e7\u00f5es em telecomunica\u00e7\u00f5es, onde encontram-se as centrais locais de telefonia, antenas de r\u00e1dio, esta\u00e7\u00f5es repetidoras\u00a0e outros tipos de liga\u00e7\u00f5es de comunica\u00e7\u00f5es eletr\u00f4nicas.<\/p><p>Como na maioria das aplica\u00e7\u00f5es de telecomunica\u00e7\u00f5es, se utilizam baterias de armazenamento e a instala\u00e7\u00e3o el\u00e9trica se realiza normalmente em corrente cont\u00ednua (DC). As c\u00e9lulas fotovoltaicas tamb\u00e9m se utilizam para alimentar sistemas de comunica\u00e7\u00f5es de emerg\u00eancia, por exemplo nos mastros de SOS (telefones de emerg\u00eancia) em estradas, sinaliza\u00e7\u00e3o ferrovi\u00e1ria, balizamento para prote\u00e7\u00e3o aeron\u00e1utica, esta\u00e7\u00f5es meteorol\u00f3gicas, sistemas de vigil\u00e2ncia CFTV, sistemas WIFI, entre outros.<\/p><p>Tamb\u00e9m fornecemos sistemas <strong>on-grid<\/strong> para ambientes industriais e corporativos. Imagine sua empresa ser capaz de gerar energia atrav\u00e9s de meios sustent\u00e1veis, afinal, al\u00e9m de ser amiga do meio ambiente, ela tamb\u00e9m pode trazer benef\u00edcios financeiros.<\/p><p>Possu\u00edmos uma equipe qualificada e preparada para atender as necessidades do mercado, conte conosco.<\/p><\/div><\/div>\t\t\t\t\t<\/div>\n\t\t\t\t\t\t<\/div>\n\t\t\t\t<\/div>\n\t\t\t\t\t\t<\/div>\n\t\t\t\t\t<\/div>\n\t\t<\/div>\n\t\t\t\t<div class=\"aux-parallax-section elementor-column elementor-col-50 elementor-top-column elementor-element elementor-element-bb68e64\" data-id=\"bb68e64\" data-element_type=\"column\">\n\t\t\t<div class=\"elementor-column-wrap elementor-element-populated\">\n\t\t\t\t\t\t\t<div class=\"elementor-widget-wrap\">\n\t\t\t\t\t\t<div class=\"elementor-element elementor-element-26b1372 aux-appear-watch-animation aux-mask-from-left elementor-widget elementor-widget-aux_image\" data-id=\"26b1372\" data-element_type=\"widget\" data-widget_type=\"aux_image.default\">\n\t\t\t\t<div class=\"elementor-widget-container\">\n\t\t\t<section class=\"widget-container aux-widget-image aux-alignnone aux-parent-au28952f44\">\n    <div class=\"aux-media-hint-frame \">\n        <div class=\"aux-media-image \" >\n        \n            \n\n            \n            <img loading=\"lazy\" decoding=\"async\" width=\"650\" height=\"650\" src=\"https:\/\/grupobrtelecom.com.br\/wp-content\/uploads\/2023\/09\/sistemas-eletricos2-650x650.png\" class=\"aux-attachment aux-featured-image aux-attachment-id-1129\" alt=\"sistemas-eletricos2\" srcset=\"https:\/\/grupobrtelecom.com.br\/wp-content\/uploads\/2023\/09\/sistemas-eletricos2-150x150.png 150w,https:\/\/grupobrtelecom.com.br\/wp-content\/uploads\/2023\/09\/sistemas-eletricos2-300x300.png 300w,https:\/\/grupobrtelecom.com.br\/wp-content\/uploads\/2023\/09\/sistemas-eletricos2-768x768.png 768w,https:\/\/grupobrtelecom.com.br\/wp-content\/uploads\/2023\/09\/sistemas-eletricos2-1024x1024.png 1024w,https:\/\/grupobrtelecom.com.br\/wp-content\/uploads\/2023\/09\/sistemas-eletricos2-650x650.png 650w\" data-ratio=\"1\" data-original-w=\"1080\" sizes=\"(max-width:479px) 480px,(max-width:767px) 768px,(max-width:1023px) 1024px,650px\" \/>            \n                <\/div>\n    <\/div>\n\n<\/section><!-- widget-container -->\t\t<\/div>\n\t\t\t\t<\/div>\n\t\t\t\t\t\t<\/div>\n\t\t\t\t\t<\/div>\n\t\t<\/div>\n\t\t\t\t\t\t\t\t<\/div>\n\t\t\t\t\t<\/div>\n\t\t<\/section>\n\t\t\t\t<section class=\"elementor-section elementor-top-section elementor-element elementor-element-18d312a elementor-section-boxed elementor-section-height-default elementor-section-height-default\" data-id=\"18d312a\" data-element_type=\"section\" data-settings=\"{&quot;background_background&quot;:&quot;classic&quot;}\">\n\t\t\t\t\t\t\t<div class=\"elementor-background-overlay\"><\/div>\n\t\t\t\t\t\t\t<div class=\"elementor-container elementor-column-gap-default\">\n\t\t\t\t\t\t\t<div class=\"elementor-row\">\n\t\t\t\t\t<div class=\"aux-parallax-section elementor-column elementor-col-50 elementor-top-column elementor-element elementor-element-e4cf3ca\" data-id=\"e4cf3ca\" data-element_type=\"column\">\n\t\t\t<div class=\"elementor-column-wrap elementor-element-populated\">\n\t\t\t\t\t\t\t<div class=\"elementor-widget-wrap\">\n\t\t\t\t\t\t<div class=\"elementor-element elementor-element-8f74ab1 aux-appear-watch-animation aux-fade-in-up elementor-widget__width-initial elementor-widget-tablet__width-initial elementor-widget elementor-widget-aux_modern_heading\" data-id=\"8f74ab1\" data-element_type=\"widget\" data-widget_type=\"aux_modern_heading.default\">\n\t\t\t\t<div class=\"elementor-widget-container\">\n\t\t\t<section class=\"aux-widget-modern-heading\">\n            <div class=\"aux-widget-inner\"><h6 class=\"aux-modern-heading-primary\"><\/h6><h3 class=\"aux-modern-heading-secondary\"><span class=\"aux-head-before\">Fa\u00e7a um or\u00e7amento do seu projeto<\/span><\/h3><div class=\"aux-modern-heading-description\"><p>Nosso time est\u00e1 apto e garante a execu\u00e7\u00e3o com 100% de satisfa\u00e7\u00e3o dos nossos clientes, contando com Gestores de Projetos experientes em ferramentas em ITIL, PMI e ISOS, que est\u00e3o presentes em todas as fases do projeto, garantindo prazos, or\u00e7amentos e qualidade total na entrega. Entre em contato atrav\u00e9s do telefone ou e-mail abaixo, ou se preferir, solicite um contato pelo formul\u00e1rio de solicita\u00e7\u00e3o.<\/p><\/div><\/div>\n        <\/section>\t\t<\/div>\n\t\t\t\t<\/div>\n\t\t\t\t<div class=\"elementor-element elementor-element-76584ab elementor-widget elementor-widget-aux_modern_button\" data-id=\"76584ab\" data-element_type=\"widget\" data-widget_type=\"aux_modern_button.default\">\n\t\t\t\t<div class=\"elementor-widget-container\">\n\t\t\t    <div class=\"aux-modern-button-wrapper aux-modern-button-align-left\" >\n                    <a class=\"aux-modern-button aux-caution aux-modern-button-lg aux-modern-button-curve aux-modern-button-outline aux-icon-\" href=\"https:\/\/manacadev.com.br\/contact-page\/\">\n                <div class=\"aux-overlay\"><\/div>\n                                    <div class=\"aux-icon \">\n                                            <\/div>\n                                <div class=\"aux-text\">\n<span class=\"aux-text-before\">Pe\u00e7a um or\u00e7amento<\/span>                <\/div>\n            <\/a>\n            \n    <\/div>\n\n    \t\t<\/div>\n\t\t\t\t<\/div>\n\t\t\t\t\t\t<\/div>\n\t\t\t\t\t<\/div>\n\t\t<\/div>\n\t\t\t\t<div class=\"aux-parallax-section elementor-column elementor-col-50 elementor-top-column elementor-element elementor-element-0ba4222\" data-id=\"0ba4222\" data-element_type=\"column\">\n\t\t\t<div class=\"elementor-column-wrap elementor-element-populated\">\n\t\t\t\t\t\t\t<div class=\"elementor-widget-wrap\">\n\t\t\t\t\t\t<div class=\"elementor-element elementor-element-85e50c0 elementor-widget elementor-widget-aux_image\" data-id=\"85e50c0\" data-element_type=\"widget\" data-widget_type=\"aux_image.default\">\n\t\t\t\t<div class=\"elementor-widget-container\">\n\t\t\t<section class=\"widget-container aux-widget-image aux-alignnone aux-parent-au316bf260\">\n    <div class=\"aux-media-hint-frame \">\n        <div class=\"aux-media-image \" >\n        \n            \n\n            \n            <img loading=\"lazy\" decoding=\"async\" width=\"522\" height=\"480\" src=\"https:\/\/grupobrtelecom.com.br\/wp-content\/uploads\/2023\/09\/cta-man3.png\" class=\"aux-attachment aux-featured-image aux-attachment-id-905\" alt=\"cta-man3\" data-ratio=\"1.09\" data-original-w=\"522\" \/>            \n                <\/div>\n    <\/div>\n\n<\/section><!-- widget-container -->\t\t<\/div>\n\t\t\t\t<\/div>\n\t\t\t\t\t\t<\/div>\n\t\t\t\t\t<\/div>\n\t\t<\/div>\n\t\t\t\t\t\t\t\t<\/div>\n\t\t\t\t\t<\/div>\n\t\t<\/section>\n\t\t\t\t\t\t\t\t\t<\/div>\n\t\t\t<\/div>\n\t\t\t\t\t<\/div>\n\t\t","protected":false},"excerpt":{"rendered":"<p>Alto padr\u00e3o de qualidadeSistemas El\u00e9tricos O Grupo brtelecom oferece a sua empresa uma solu\u00e7\u00e3o completa em energia solar fotovoltaica. Ideal para aplica\u00e7\u00f5es em telecomunica\u00e7\u00f5es, onde encontram-se as centrais locais de telefonia, antenas de r\u00e1dio, esta\u00e7\u00f5es repetidoras\u00a0e outros tipos de liga\u00e7\u00f5es de comunica\u00e7\u00f5es eletr\u00f4nicas. Como na maioria das aplica\u00e7\u00f5es de telecomunica\u00e7\u00f5es, se utilizam baterias de armazenamento [&hellip;]<\/p>\n","protected":false},"author":1,"featured_media":0,"parent":0,"menu_order":0,"comment_status":"closed","ping_status":"closed","template":"","meta":{"footnotes":""},"_links":{"self":[{"href":"https:\/\/grupobrtelecom.com.br\/index.php?rest_route=\/wp\/v2\/pages\/265"}],"collection":[{"href":"https:\/\/grupobrtelecom.com.br\/index.php?rest_route=\/wp\/v2\/pages"}],"about":[{"href":"https:\/\/grupobrtelecom.com.br\/index.php?rest_route=\/wp\/v2\/types\/page"}],"author":[{"embeddable":true,"href":"https:\/\/grupobrtelecom.com.br\/index.php?rest_route=\/wp\/v2\/users\/1"}],"replies":[{"embeddable":true,"href":"https:\/\/grupobrtelecom.com.br\/index.php?rest_route=%2Fwp%2Fv2%2Fcomments&post=265"}],"version-history":[{"count":34,"href":"https:\/\/grupobrtelecom.com.br\/index.php?rest_route=\/wp\/v2\/pages\/265\/revisions"}],"predecessor-version":[{"id":1133,"href":"https:\/\/grupobrtelecom.com.br\/index.php?rest_route=\/wp\/v2\/pages\/265\/revisions\/1133"}],"wp:attachment":[{"href":"https:\/\/grupobrtelecom.com.br\/index.php?rest_route=%2Fwp%2Fv2%2Fmedia&parent=265"}],"curies":[{"name":"wp","href":"https:\/\/api.w.org\/{rel}","templated":true}]}}