{"id":263,"date":"2023-06-29T18:08:38","date_gmt":"2023-06-29T18:08:38","guid":{"rendered":"https:\/\/manacadev.com.br\/?page_id=263"},"modified":"2023-09-15T17:07:43","modified_gmt":"2023-09-15T17:07:43","slug":"sistema-de-cftv-ip","status":"publish","type":"page","link":"https:\/\/grupobrtelecom.com.br\/?page_id=263","title":{"rendered":"Sistema de CFTV IP"},"content":{"rendered":"\t\t<div data-elementor-type=\"wp-post\" data-elementor-id=\"263\" class=\"elementor elementor-263\">\n\t\t\t\t\t\t<div class=\"elementor-inner\">\n\t\t\t\t<div class=\"elementor-section-wrap\">\n\t\t\t\t\t\t\t\t\t<section class=\"elementor-section elementor-top-section elementor-element elementor-element-3473b11 elementor-reverse-mobile elementor-section-boxed elementor-section-height-default elementor-section-height-default\" data-id=\"3473b11\" data-element_type=\"section\">\n\t\t\t\t\t\t<div class=\"elementor-container elementor-column-gap-default\">\n\t\t\t\t\t\t\t<div class=\"elementor-row\">\n\t\t\t\t\t<div class=\"aux-parallax-section elementor-column elementor-col-50 elementor-top-column elementor-element elementor-element-34a5527\" data-id=\"34a5527\" data-element_type=\"column\">\n\t\t\t<div class=\"elementor-column-wrap elementor-element-populated\">\n\t\t\t\t\t\t\t<div class=\"elementor-widget-wrap\">\n\t\t\t\t\t\t<div class=\"elementor-element elementor-element-3129cc8 aux-appear-watch-animation aux-mask-from-left elementor-widget elementor-widget-aux_modern_heading\" data-id=\"3129cc8\" data-element_type=\"widget\" data-widget_type=\"aux_modern_heading.default\">\n\t\t\t\t<div class=\"elementor-widget-container\">\n\t\t\t<section class=\"aux-widget-modern-heading\">\n            <div class=\"aux-widget-inner\"><h2 class=\"aux-modern-heading-primary\"><\/h2><h3 class=\"aux-modern-heading-secondary\"><span class=\"aux-head-before\">Solu\u00e7\u00f5es de Monitoramento<\/span><span class=\"aux-head-highlight\">Sistema de CFTV IP<\/span><\/h3><\/div>\n        <\/section>\t\t<\/div>\n\t\t\t\t<\/div>\n\t\t\t\t<div class=\"elementor-element elementor-element-d768161 aux-appear-watch-animation aux-fade-in-up elementor-widget elementor-widget-text-editor\" data-id=\"d768161\" data-element_type=\"widget\" data-widget_type=\"text-editor.default\">\n\t\t\t\t<div class=\"elementor-widget-container\">\n\t\t\t\t\t\t\t\t<div class=\"elementor-text-editor elementor-clearfix\">\n\t\t\t\t<div class=\"wpb_text_column wpb_content_element cr-animate-gen animation-done\" data-animate-type=\"transition.expandIn\"><div class=\"wpb_wrapper\"><p>Para solu\u00e7\u00f5es de monitoramento sobre v\u00eddeo o <strong>Grupo brtelecom<\/strong> trabalha sua expertise em redes IP, buscando junto ao cliente implementa\u00e7\u00f5es e projetos de <strong>CFTV IP<\/strong> que proporcionem resultados eficientes.<\/p><p>O sistema de CFTV IP \u00e9 uma tecnologia que faz o envio das imagens monitoradas por meio digital, preservando a qualidade destas quando chegam ao servidor. \u00c9 poss\u00edvel gravar imagens em alta resolu\u00e7\u00e3o e qualidade de cinema, como o HDTV, FULL HD e 4K.<\/p><\/div><\/div>\t\t\t\t\t<\/div>\n\t\t\t\t\t\t<\/div>\n\t\t\t\t<\/div>\n\t\t\t\t\t\t<\/div>\n\t\t\t\t\t<\/div>\n\t\t<\/div>\n\t\t\t\t<div class=\"aux-parallax-section elementor-column elementor-col-50 elementor-top-column elementor-element elementor-element-bb68e64\" data-id=\"bb68e64\" data-element_type=\"column\">\n\t\t\t<div class=\"elementor-column-wrap elementor-element-populated\">\n\t\t\t\t\t\t\t<div class=\"elementor-widget-wrap\">\n\t\t\t\t\t\t<div class=\"elementor-element elementor-element-26b1372 aux-appear-watch-animation aux-mask-from-left elementor-widget elementor-widget-aux_image\" data-id=\"26b1372\" data-element_type=\"widget\" data-widget_type=\"aux_image.default\">\n\t\t\t\t<div class=\"elementor-widget-container\">\n\t\t\t<section class=\"widget-container aux-widget-image aux-alignnone aux-parent-aua5cfb3d8\">\n    <div class=\"aux-media-hint-frame \">\n        <div class=\"aux-media-image \" >\n        \n            \n\n            \n            <img loading=\"lazy\" decoding=\"async\" width=\"500\" height=\"500\" src=\"https:\/\/grupobrtelecom.com.br\/wp-content\/uploads\/2023\/07\/cftvip-500x500.png\" class=\"aux-attachment aux-featured-image aux-attachment-id-371\" alt=\"cftvip\" srcset=\"https:\/\/grupobrtelecom.com.br\/wp-content\/uploads\/2023\/07\/cftvip-150x150.png 150w,https:\/\/grupobrtelecom.com.br\/wp-content\/uploads\/2023\/07\/cftvip-300x300.png 300w,https:\/\/grupobrtelecom.com.br\/wp-content\/uploads\/2023\/07\/cftvip-768x768.png 768w,https:\/\/grupobrtelecom.com.br\/wp-content\/uploads\/2023\/07\/cftvip-1024x1024.png 1024w,https:\/\/grupobrtelecom.com.br\/wp-content\/uploads\/2023\/07\/cftvip-500x500.png 500w\" data-ratio=\"1\" data-original-w=\"1080\" sizes=\"(max-width:479px) 480px,(max-width:767px) 768px,(max-width:1023px) 1024px,500px\" \/>            \n                <\/div>\n    <\/div>\n\n<\/section><!-- widget-container -->\t\t<\/div>\n\t\t\t\t<\/div>\n\t\t\t\t\t\t<\/div>\n\t\t\t\t\t<\/div>\n\t\t<\/div>\n\t\t\t\t\t\t\t\t<\/div>\n\t\t\t\t\t<\/div>\n\t\t<\/section>\n\t\t\t\t<section class=\"elementor-section elementor-top-section elementor-element elementor-element-8a03c34 elementor-section-boxed elementor-section-height-default elementor-section-height-default\" data-id=\"8a03c34\" data-element_type=\"section\" data-settings=\"{&quot;background_background&quot;:&quot;classic&quot;}\">\n\t\t\t\t\t\t<div class=\"elementor-container elementor-column-gap-default\">\n\t\t\t\t\t\t\t<div class=\"elementor-row\">\n\t\t\t\t\t<div class=\"aux-parallax-section elementor-column elementor-col-50 elementor-top-column elementor-element elementor-element-65b6bd3\" data-id=\"65b6bd3\" data-element_type=\"column\">\n\t\t\t<div class=\"elementor-column-wrap elementor-element-populated\">\n\t\t\t\t\t\t\t<div class=\"elementor-widget-wrap\">\n\t\t\t\t\t\t<div class=\"elementor-element elementor-element-3f459c8 aux-appear-watch-animation aux-fade-in-up elementor-widget elementor-widget-aux_modern_heading\" data-id=\"3f459c8\" data-element_type=\"widget\" data-widget_type=\"aux_modern_heading.default\">\n\t\t\t\t<div class=\"elementor-widget-container\">\n\t\t\t<section class=\"aux-widget-modern-heading\">\n            <div class=\"aux-widget-inner\"><h6 class=\"aux-modern-heading-primary\"><\/h6><h6 class=\"aux-modern-heading-secondary\"><span class=\"aux-head-before\">CFTV IP<\/span><span class=\"aux-head-highlight\">e suas vantagens<\/span><\/h6><div class=\"aux-modern-heading-description\"><p>O sistema de <strong>CFTV IP<\/strong> abrange flexibilidade, escalabilidade e intelig\u00eancia de gerenciamento com in\u00fameras possibilidades de monitoramento que contam com uma estrat\u00e9gia completa por tr\u00e1s.<\/p><p>Destacamos algumas particularidades vantajosas do sistema IP para seu projeto de monitoramento:<\/p><\/div><\/div>\n        <\/section>\t\t<\/div>\n\t\t\t\t<\/div>\n\t\t\t\t<div class=\"elementor-element elementor-element-1c9eb0b elementor-widget elementor-widget-bdt-accordion\" data-id=\"1c9eb0b\" data-element_type=\"widget\" data-widget_type=\"bdt-accordion.default\">\n\t\t\t\t<div class=\"elementor-widget-container\">\n\t\t\t        <div class=\"bdt-ep-accordion-container\">\n            <div id=\"bdt-ep-accordion-1c9eb0b\" class=\"bdt-ep-accordion bdt-accordion\" data-bdt-accordion=\"{&quot;collapsible&quot;:true,&quot;multiple&quot;:false,&quot;transition&quot;:&quot;ease-in-out&quot;}\" data-settings=\"{&quot;id&quot;:&quot;bdt-ep-accordion-1c9eb0b&quot;,&quot;activeHash&quot;:&quot;no&quot;,&quot;activeScrollspy&quot;:null,&quot;hashTopOffset&quot;:false,&quot;hashScrollspyTime&quot;:false}\">\n                                    <div class=\"bdt-ep-accordion-item\">\n                        <div class=\"bdt-ep-accordion-title bdt-accordion-title bdt-flex bdt-flex-middle bdt-flex-between\" id=\"bdt-ep-accordion-vantagens-do-cftv-ip\" data-accordion-index=\"0\" data-title=\"vantagens-do-cftv-ip\" role=\"heading\">\n\n                                                            <span class=\"bdt-ep-accordion-icon bdt-flex-align-right\" aria-hidden=\"true\">\n\n                                                                            <span class=\"bdt-ep-accordion-icon-closed\">\n                                            <i aria-hidden=\"true\" class=\"fa-fw fas fa-plus\"><\/i>                                        <\/span>\n                                    \n                                                                            <span class=\"bdt-ep-accordion-icon-opened\">\n                                            <i aria-hidden=\"true\" class=\"fa-fw fas fa-minus\"><\/i>                                        <\/span>\n                                    \n                                <\/span>\n                            \n                            <span class=\"bdt-ep-title-text bdt-flex bdt-flex-middle\">\n\n                                                                Vantagens do CFTV IP                            <\/span>\n\n                        <\/div>\n                        <div class=\"bdt-ep-accordion-content bdt-accordion-content\">\n                            <ul><li>Facilidade de acesso por parte do cliente das imagens gravadas ou ao vivo;<\/li><li>Grava\u00e7\u00e3o e transmiss\u00e3o de imagens em alta resolu\u00e7\u00e3o;<\/li><li>Cobertura ampla da \u00e1rea com detalhamento acentuado de objetos ou pessoas;<br \/>Instala\u00e7\u00e3o facilitada pela conex\u00e3o da c\u00e2mera IP com a rede do cliente;<\/li><li>Instala\u00e7\u00e3o facilitada pela conex\u00e3o da c\u00e2mera IP com a rede do cliente;<\/li><li>Dispens\u00e1vel o uso ou constru\u00e7\u00e3o de uma infraestrutura duplicada para lan\u00e7amentos de cabos para dados e alimenta\u00e7\u00e3o el\u00e9trica;<\/li><li>Intelig\u00eancia integrada naturalmente, em todos os modelos de c\u00e2mera IP;<\/li><li>Intelig\u00eancia especializada, com monitoramento de alto n\u00edvel e diversas possibilidades de gerenciamento de informa\u00e7\u00f5es;<\/li><li>Operadores com mais dados estrat\u00e9gicos para otimizar o sistema da empresa;<\/li><li>Possibilidade de integra\u00e7\u00e3o completa no mesmo cabo: desde v\u00eddeo e \u00e1udio at\u00e9 entradas e sa\u00eddas de alarme;<\/li><li>Dimensionamento facilitado: o sistema \u00e9 t\u00e3o escal\u00e1vel quanto a empresa, na medida em que for necess\u00e1rio crescer, ser\u00e1 poss\u00edvel instalar e integrar c\u00e2meras.<\/li><li>A conex\u00e3o das c\u00e2meras pode ser feita por cabo, fibra \u00f3tica, r\u00e1dio ou Wi-Fi, sem comprometer a qualidade das imagens, j\u00e1 que elas s\u00e3o transmitidas por meio digital. Isso d\u00e1 maior liberdade para que sua empresa ou condom\u00ednio eleja a melhor forma de instalar o sistema de seguran\u00e7a na opera\u00e7\u00e3o.<\/li><li>A alimenta\u00e7\u00e3o \u00e9 feita por cabo de dados, utilizando o Switch POE, economizando recursos com a instala\u00e7\u00e3o de infraestrutura el\u00e9trica.<\/li><li>Com a tecnologia CFTV IP, \u00e9 poss\u00edvel montar v\u00e1rias centrais de monitoramento, integrando-as de forma a construir uma verdadeira central de intelig\u00eancia para sua empresa. Al\u00e9m disso, qualquer computador que esteja conectado \u00e0 rede pode se tornar uma esta\u00e7\u00e3o de opera\u00e7\u00e3o, facilitando o acesso \u00e0s imagens em qualquer lugar.<\/li><\/ul>                        <\/div>\n                    <\/div>\n                            <\/div>\n        <\/div>\n    \t\t<\/div>\n\t\t\t\t<\/div>\n\t\t\t\t\t\t<\/div>\n\t\t\t\t\t<\/div>\n\t\t<\/div>\n\t\t\t\t<div class=\"aux-parallax-section elementor-column elementor-col-50 elementor-top-column elementor-element elementor-element-2e5991b elementor-hidden-mobile\" data-id=\"2e5991b\" data-element_type=\"column\">\n\t\t\t<div class=\"elementor-column-wrap elementor-element-populated\">\n\t\t\t\t\t\t\t<div class=\"elementor-widget-wrap\">\n\t\t\t\t\t\t<div class=\"elementor-element elementor-element-107ea25 elementor-widget-tablet__width-initial elementor-widget elementor-widget-aux_image\" data-id=\"107ea25\" data-element_type=\"widget\" data-widget_type=\"aux_image.default\">\n\t\t\t\t<div class=\"elementor-widget-container\">\n\t\t\t<section class=\"widget-container aux-widget-image aux-alignnone aux-parent-au703be09e\">\n    <div class=\"aux-media-hint-frame \">\n        <div class=\"aux-media-image \" >\n        \n            \n\n            \n            <img loading=\"lazy\" decoding=\"async\" width=\"500\" height=\"500\" src=\"https:\/\/grupobrtelecom.com.br\/wp-content\/uploads\/2023\/06\/cabeamento-normas-500x500.png\" class=\"aux-attachment aux-featured-image aux-attachment-id-229\" alt=\"cabeamento-normas\" srcset=\"https:\/\/grupobrtelecom.com.br\/wp-content\/uploads\/2023\/06\/cabeamento-normas-150x150.png 150w,https:\/\/grupobrtelecom.com.br\/wp-content\/uploads\/2023\/06\/cabeamento-normas-300x300.png 300w,https:\/\/grupobrtelecom.com.br\/wp-content\/uploads\/2023\/06\/cabeamento-normas-768x768.png 768w,https:\/\/grupobrtelecom.com.br\/wp-content\/uploads\/2023\/06\/cabeamento-normas-1024x1024.png 1024w,https:\/\/grupobrtelecom.com.br\/wp-content\/uploads\/2023\/06\/cabeamento-normas-500x500.png 500w\" data-ratio=\"1\" data-original-w=\"1080\" sizes=\"(max-width:479px) 480px,(max-width:767px) 768px,(max-width:1023px) 1024px,500px\" \/>            \n                <\/div>\n    <\/div>\n\n<\/section><!-- widget-container -->\t\t<\/div>\n\t\t\t\t<\/div>\n\t\t\t\t\t\t<\/div>\n\t\t\t\t\t<\/div>\n\t\t<\/div>\n\t\t\t\t\t\t\t\t<\/div>\n\t\t\t\t\t<\/div>\n\t\t<\/section>\n\t\t\t\t<section class=\"elementor-section elementor-top-section elementor-element elementor-element-18d312a elementor-section-boxed elementor-section-height-default elementor-section-height-default\" data-id=\"18d312a\" data-element_type=\"section\" data-settings=\"{&quot;background_background&quot;:&quot;classic&quot;}\">\n\t\t\t\t\t\t\t<div class=\"elementor-background-overlay\"><\/div>\n\t\t\t\t\t\t\t<div class=\"elementor-container elementor-column-gap-default\">\n\t\t\t\t\t\t\t<div class=\"elementor-row\">\n\t\t\t\t\t<div class=\"aux-parallax-section elementor-column elementor-col-50 elementor-top-column elementor-element elementor-element-e4cf3ca\" data-id=\"e4cf3ca\" data-element_type=\"column\">\n\t\t\t<div class=\"elementor-column-wrap elementor-element-populated\">\n\t\t\t\t\t\t\t<div class=\"elementor-widget-wrap\">\n\t\t\t\t\t\t<div class=\"elementor-element elementor-element-8f74ab1 aux-appear-watch-animation aux-fade-in-up elementor-widget__width-initial elementor-widget-tablet__width-initial elementor-widget elementor-widget-aux_modern_heading\" data-id=\"8f74ab1\" data-element_type=\"widget\" data-widget_type=\"aux_modern_heading.default\">\n\t\t\t\t<div class=\"elementor-widget-container\">\n\t\t\t<section class=\"aux-widget-modern-heading\">\n            <div class=\"aux-widget-inner\"><h6 class=\"aux-modern-heading-primary\"><\/h6><h3 class=\"aux-modern-heading-secondary\"><span class=\"aux-head-before\">Fa\u00e7a um or\u00e7amento do seu projeto<\/span><\/h3><div class=\"aux-modern-heading-description\"><p>Nosso time est\u00e1 apto e garante a execu\u00e7\u00e3o com 100% de satisfa\u00e7\u00e3o dos nossos clientes, contando com Gestores de Projetos experientes em ferramentas em ITIL, PMI e ISOS, que est\u00e3o presentes em todas as fases do projeto, garantindo prazos, or\u00e7amentos e qualidade total na entrega. Entre em contato atrav\u00e9s do telefone ou e-mail abaixo, ou se preferir, solicite um contato pelo formul\u00e1rio de solicita\u00e7\u00e3o.<\/p><\/div><\/div>\n        <\/section>\t\t<\/div>\n\t\t\t\t<\/div>\n\t\t\t\t<div class=\"elementor-element elementor-element-76584ab elementor-widget elementor-widget-aux_modern_button\" data-id=\"76584ab\" data-element_type=\"widget\" data-widget_type=\"aux_modern_button.default\">\n\t\t\t\t<div class=\"elementor-widget-container\">\n\t\t\t    <div class=\"aux-modern-button-wrapper aux-modern-button-align-left\" >\n                    <a class=\"aux-modern-button aux-caution aux-modern-button-lg aux-modern-button-curve aux-modern-button-outline aux-icon-\" href=\"https:\/\/manacadev.com.br\/contact-page\/\">\n                <div class=\"aux-overlay\"><\/div>\n                                    <div class=\"aux-icon \">\n                                            <\/div>\n                                <div class=\"aux-text\">\n<span class=\"aux-text-before\">Pe\u00e7a um or\u00e7amento<\/span>                <\/div>\n            <\/a>\n            \n    <\/div>\n\n    \t\t<\/div>\n\t\t\t\t<\/div>\n\t\t\t\t\t\t<\/div>\n\t\t\t\t\t<\/div>\n\t\t<\/div>\n\t\t\t\t<div class=\"aux-parallax-section elementor-column elementor-col-50 elementor-top-column elementor-element elementor-element-0ba4222\" data-id=\"0ba4222\" data-element_type=\"column\">\n\t\t\t<div class=\"elementor-column-wrap elementor-element-populated\">\n\t\t\t\t\t\t\t<div class=\"elementor-widget-wrap\">\n\t\t\t\t\t\t<div class=\"elementor-element elementor-element-11770af elementor-widget elementor-widget-aux_image\" data-id=\"11770af\" data-element_type=\"widget\" data-widget_type=\"aux_image.default\">\n\t\t\t\t<div class=\"elementor-widget-container\">\n\t\t\t<section class=\"widget-container aux-widget-image aux-alignnone aux-parent-aud2367f65\">\n    <div class=\"aux-media-hint-frame \">\n        <div class=\"aux-media-image \" >\n        \n            \n\n            \n            <img loading=\"lazy\" decoding=\"async\" width=\"522\" height=\"480\" src=\"https:\/\/grupobrtelecom.com.br\/wp-content\/uploads\/2023\/09\/cta-man3-1024x1024.png\" class=\"aux-attachment aux-featured-image aux-attachment-id-905\" alt=\"cta-man3\" srcset=\"https:\/\/grupobrtelecom.com.br\/wp-content\/uploads\/2023\/09\/cta-man3-150x150.png 150w,https:\/\/grupobrtelecom.com.br\/wp-content\/uploads\/2023\/09\/cta-man3-300x300.png 300w,https:\/\/grupobrtelecom.com.br\/wp-content\/uploads\/2023\/09\/cta-man3-1024x1024.png 522w\" data-ratio=\"1\" data-original-w=\"522\" sizes=\"(max-width:479px) 480px,(max-width:767px) 768px,(max-width:1023px) 1024px,522px\" \/>            \n                <\/div>\n    <\/div>\n\n<\/section><!-- widget-container -->\t\t<\/div>\n\t\t\t\t<\/div>\n\t\t\t\t\t\t<\/div>\n\t\t\t\t\t<\/div>\n\t\t<\/div>\n\t\t\t\t\t\t\t\t<\/div>\n\t\t\t\t\t<\/div>\n\t\t<\/section>\n\t\t\t\t\t\t\t\t\t<\/div>\n\t\t\t<\/div>\n\t\t\t\t\t<\/div>\n\t\t","protected":false},"excerpt":{"rendered":"<p>Solu\u00e7\u00f5es de MonitoramentoSistema de CFTV IP Para solu\u00e7\u00f5es de monitoramento sobre v\u00eddeo o Grupo brtelecom trabalha sua expertise em redes IP, buscando junto ao cliente implementa\u00e7\u00f5es e projetos de CFTV IP que proporcionem resultados eficientes. O sistema de CFTV IP \u00e9 uma tecnologia que faz o envio das imagens monitoradas por meio digital, preservando a [&hellip;]<\/p>\n","protected":false},"author":1,"featured_media":0,"parent":0,"menu_order":0,"comment_status":"closed","ping_status":"closed","template":"","meta":{"footnotes":""},"_links":{"self":[{"href":"https:\/\/grupobrtelecom.com.br\/index.php?rest_route=\/wp\/v2\/pages\/263"}],"collection":[{"href":"https:\/\/grupobrtelecom.com.br\/index.php?rest_route=\/wp\/v2\/pages"}],"about":[{"href":"https:\/\/grupobrtelecom.com.br\/index.php?rest_route=\/wp\/v2\/types\/page"}],"author":[{"embeddable":true,"href":"https:\/\/grupobrtelecom.com.br\/index.php?rest_route=\/wp\/v2\/users\/1"}],"replies":[{"embeddable":true,"href":"https:\/\/grupobrtelecom.com.br\/index.php?rest_route=%2Fwp%2Fv2%2Fcomments&post=263"}],"version-history":[{"count":46,"href":"https:\/\/grupobrtelecom.com.br\/index.php?rest_route=\/wp\/v2\/pages\/263\/revisions"}],"predecessor-version":[{"id":908,"href":"https:\/\/grupobrtelecom.com.br\/index.php?rest_route=\/wp\/v2\/pages\/263\/revisions\/908"}],"wp:attachment":[{"href":"https:\/\/grupobrtelecom.com.br\/index.php?rest_route=%2Fwp%2Fv2%2Fmedia&parent=263"}],"curies":[{"name":"wp","href":"https:\/\/api.w.org\/{rel}","templated":true}]}}