{"id":261,"date":"2023-06-29T18:07:32","date_gmt":"2023-06-29T18:07:32","guid":{"rendered":"https:\/\/manacadev.com.br\/?page_id=261"},"modified":"2023-09-15T19:13:43","modified_gmt":"2023-09-15T19:13:43","slug":"locacao-de-equipamentos","status":"publish","type":"page","link":"https:\/\/grupobrtelecom.com.br\/?page_id=261","title":{"rendered":"Loca\u00e7\u00e3o de equipamentos"},"content":{"rendered":"\t\t<div data-elementor-type=\"wp-post\" data-elementor-id=\"261\" class=\"elementor elementor-261\">\n\t\t\t\t\t\t<div class=\"elementor-inner\">\n\t\t\t\t<div class=\"elementor-section-wrap\">\n\t\t\t\t\t\t\t\t\t<section class=\"elementor-section elementor-top-section elementor-element elementor-element-3473b11 elementor-reverse-mobile elementor-section-boxed elementor-section-height-default elementor-section-height-default\" data-id=\"3473b11\" data-element_type=\"section\" data-settings=\"{&quot;background_background&quot;:&quot;classic&quot;}\">\n\t\t\t\t\t\t<div class=\"elementor-container elementor-column-gap-default\">\n\t\t\t\t\t\t\t<div class=\"elementor-row\">\n\t\t\t\t\t<div class=\"aux-parallax-section elementor-column elementor-col-50 elementor-top-column elementor-element elementor-element-34a5527\" data-id=\"34a5527\" data-element_type=\"column\">\n\t\t\t<div class=\"elementor-column-wrap elementor-element-populated\">\n\t\t\t\t\t\t\t<div class=\"elementor-widget-wrap\">\n\t\t\t\t\t\t<div class=\"elementor-element elementor-element-3129cc8 aux-appear-watch-animation aux-mask-from-left elementor-widget elementor-widget-aux_modern_heading\" data-id=\"3129cc8\" data-element_type=\"widget\" data-widget_type=\"aux_modern_heading.default\">\n\t\t\t\t<div class=\"elementor-widget-container\">\n\t\t\t<section class=\"aux-widget-modern-heading\">\n            <div class=\"aux-widget-inner\"><h1 class=\"aux-modern-heading-primary\">Comodato e Loca\u00e7\u00e3o de Equipamentos<\/h1><div class=\"aux-modern-heading-description\"><p><span class=\"JsGRdQ\">O <strong>Grupo brtelecom<\/strong> reconhece a velocidade das atualiza\u00e7\u00f5es e avan\u00e7os das tecnologias, devido a isso, nossos profissionais s\u00e3o qualificados e treinados para operar solu\u00e7\u00f5es integradas que n\u00e3o est\u00e3o no foco do seu neg\u00f3cio, disponibilizando a loca\u00e7\u00e3o de equipamentos e servi\u00e7os diferenciados em nosso portf\u00f3lio.<\/span><\/p><\/div><\/div>\n        <\/section>\t\t<\/div>\n\t\t\t\t<\/div>\n\t\t\t\t\t\t<\/div>\n\t\t\t\t\t<\/div>\n\t\t<\/div>\n\t\t\t\t<div class=\"aux-parallax-section elementor-column elementor-col-50 elementor-top-column elementor-element elementor-element-bb68e64\" data-id=\"bb68e64\" data-element_type=\"column\">\n\t\t\t<div class=\"elementor-column-wrap elementor-element-populated\">\n\t\t\t\t\t\t\t<div class=\"elementor-widget-wrap\">\n\t\t\t\t\t\t<div class=\"elementor-element elementor-element-26b1372 aux-appear-watch-animation aux-mask-from-left elementor-widget elementor-widget-aux_image\" data-id=\"26b1372\" data-element_type=\"widget\" data-widget_type=\"aux_image.default\">\n\t\t\t\t<div class=\"elementor-widget-container\">\n\t\t\t<section class=\"widget-container aux-widget-image aux-alignnone aux-parent-au1b67a2fb\">\n    <div class=\"aux-media-hint-frame \">\n        <div class=\"aux-media-image \" >\n        \n            \n\n            \n            <img loading=\"lazy\" decoding=\"async\" width=\"650\" height=\"650\" src=\"https:\/\/grupobrtelecom.com.br\/wp-content\/uploads\/2023\/07\/locacao-650x650.png\" class=\"aux-attachment aux-featured-image aux-attachment-id-367\" alt=\"locacao\" srcset=\"https:\/\/grupobrtelecom.com.br\/wp-content\/uploads\/2023\/07\/locacao-150x150.png 150w,https:\/\/grupobrtelecom.com.br\/wp-content\/uploads\/2023\/07\/locacao-300x300.png 300w,https:\/\/grupobrtelecom.com.br\/wp-content\/uploads\/2023\/07\/locacao-768x768.png 768w,https:\/\/grupobrtelecom.com.br\/wp-content\/uploads\/2023\/07\/locacao-1024x1024.png 1024w,https:\/\/grupobrtelecom.com.br\/wp-content\/uploads\/2023\/07\/locacao-650x650.png 650w\" data-ratio=\"1\" data-original-w=\"1080\" sizes=\"(max-width:479px) 480px,(max-width:767px) 768px,(max-width:1023px) 1024px,650px\" \/>            \n                <\/div>\n    <\/div>\n\n<\/section><!-- widget-container -->\t\t<\/div>\n\t\t\t\t<\/div>\n\t\t\t\t\t\t<\/div>\n\t\t\t\t\t<\/div>\n\t\t<\/div>\n\t\t\t\t\t\t\t\t<\/div>\n\t\t\t\t\t<\/div>\n\t\t<\/section>\n\t\t\t\t<section class=\"elementor-section elementor-top-section elementor-element elementor-element-8a03c34 elementor-section-boxed elementor-section-height-default elementor-section-height-default\" data-id=\"8a03c34\" data-element_type=\"section\">\n\t\t\t\t\t\t<div class=\"elementor-container elementor-column-gap-default\">\n\t\t\t\t\t\t\t<div class=\"elementor-row\">\n\t\t\t\t\t<div class=\"aux-parallax-section elementor-column elementor-col-50 elementor-top-column elementor-element elementor-element-65b6bd3\" data-id=\"65b6bd3\" data-element_type=\"column\">\n\t\t\t<div class=\"elementor-column-wrap elementor-element-populated\">\n\t\t\t\t\t\t\t<div class=\"elementor-widget-wrap\">\n\t\t\t\t\t\t<div class=\"elementor-element elementor-element-3f459c8 aux-appear-watch-animation aux-fade-in-up elementor-widget elementor-widget-aux_modern_heading\" data-id=\"3f459c8\" data-element_type=\"widget\" data-widget_type=\"aux_modern_heading.default\">\n\t\t\t\t<div class=\"elementor-widget-container\">\n\t\t\t<section class=\"aux-widget-modern-heading\">\n            <div class=\"aux-widget-inner\"><h6 class=\"aux-modern-heading-primary\">A loca\u00e7\u00e3o de equipamentos oferece diversos\n<\/h6><h6 class=\"aux-modern-heading-secondary\"><span class=\"aux-head-before\">BENEF\u00cdCIOS<\/span><\/h6><div class=\"aux-modern-heading-description\"><p>Oferecemos a op\u00e7\u00e3o de loca\u00e7\u00e3o dos mais variados equipamentos como\u00a0<strong>servidores, computadores; notebooks; storages; central telef\u00f4nica; videoconfer\u00eancia; softwares; CFTVIP; sistemas de gest\u00e3o de v\u00eddeo; switch; wireless; roteadores; cabeamento estruturado; cabeamento \u00f3ptico; v\u00eddeo wall; controle de acesso; controle de ponto; impressoras de c\u00f3digo de barra; leitores e coletores de c\u00f3digos de barras; sistemas fotovoltaicos<\/strong> de modo a atender <strong>necessidades fixas ou tempor\u00e1rias<\/strong>, tudo com a escalabilidade e flexibilidade que voc\u00ea precisa.<\/p><p>Atendemos as modalidades de 12, 24, 36, 48 ou 60* meses e com op\u00e7\u00e3o de compra no t\u00e9rmino de contrato, voc\u00ea pode locar a infraestrutura desejada com gerenciamento e manuten\u00e7\u00e3o inclusas, pagando mensalmente como servi\u00e7o, <strong>OPEX**.\u00a0(Operational Expenditure) ou Despesas Operacionais, \u00e9 a caracter\u00edstica de opera\u00e7\u00e3o financeira que utiliza capital mensalmente, sem a necessidade de dispor de capital inicial total (CAPEX) para aquisi\u00e7\u00e3o ou moderniza\u00e7\u00e3o do parque tecnol\u00f3gico.\u00a0\u00a0A loca\u00e7\u00e3o de equipamentos<\/strong>\u00a0<strong>oferece diversos benef\u00edcios para a sua empresa:<\/strong><\/p><\/div><\/div>\n        <\/section>\t\t<\/div>\n\t\t\t\t<\/div>\n\t\t\t\t<div class=\"elementor-element elementor-element-6b93b27 elementor-widget elementor-widget-bdt-accordion\" data-id=\"6b93b27\" data-element_type=\"widget\" data-widget_type=\"bdt-accordion.default\">\n\t\t\t\t<div class=\"elementor-widget-container\">\n\t\t\t        <div class=\"bdt-ep-accordion-container\">\n            <div id=\"bdt-ep-accordion-6b93b27\" class=\"bdt-ep-accordion bdt-accordion\" data-bdt-accordion=\"{&quot;collapsible&quot;:true,&quot;multiple&quot;:false,&quot;transition&quot;:&quot;ease-in-out&quot;}\" data-settings=\"{&quot;id&quot;:&quot;bdt-ep-accordion-6b93b27&quot;,&quot;activeHash&quot;:&quot;no&quot;,&quot;activeScrollspy&quot;:null,&quot;hashTopOffset&quot;:false,&quot;hashScrollspyTime&quot;:false}\">\n                                    <div class=\"bdt-ep-accordion-item\">\n                        <div class=\"bdt-ep-accordion-title bdt-accordion-title bdt-flex bdt-flex-middle bdt-flex-between\" id=\"bdt-ep-accordion-conhea-os-benefcios\" data-accordion-index=\"0\" data-title=\"conhe-a-os-benef-cios\" role=\"heading\">\n\n                                                            <span class=\"bdt-ep-accordion-icon bdt-flex-align-right\" aria-hidden=\"true\">\n\n                                                                            <span class=\"bdt-ep-accordion-icon-closed\">\n                                            <i aria-hidden=\"true\" class=\"fa-fw fas fa-plus\"><\/i>                                        <\/span>\n                                    \n                                                                            <span class=\"bdt-ep-accordion-icon-opened\">\n                                            <i aria-hidden=\"true\" class=\"fa-fw fas fa-minus\"><\/i>                                        <\/span>\n                                    \n                                <\/span>\n                            \n                            <span class=\"bdt-ep-title-text bdt-flex bdt-flex-middle\">\n\n                                                                Conhe\u00e7a os benef\u00edcios                            <\/span>\n\n                        <\/div>\n                        <div class=\"bdt-ep-accordion-content bdt-accordion-content\">\n                            <ul><li>Tecnologia de ponta;<\/li><li>Atualiza\u00e7\u00e3o e manuten\u00e7\u00e3o constante nos equipamentos;<\/li><li>Equipe capacitada e treinada para operar a solu\u00e7\u00e3o;<\/li><li>Flexibilidade nos prazos do outsourcing;<\/li><li>Preven\u00e7\u00e3o \u00e0 deprecia\u00e7\u00e3o de equipamentos adquiridos de forma pr\u00f3pria;<\/li><li>Dispensa investimentos em atualiza\u00e7\u00e3o tecnol\u00f3gica e manuten\u00e7\u00e3o preventiva e corretiva;<\/li><li>Dispensa investimentos em treinamento de equipe interna (Se adquirido com suporte);<\/li><\/ul>                        <\/div>\n                    <\/div>\n                            <\/div>\n        <\/div>\n    \t\t<\/div>\n\t\t\t\t<\/div>\n\t\t\t\t\t\t<\/div>\n\t\t\t\t\t<\/div>\n\t\t<\/div>\n\t\t\t\t<div class=\"aux-parallax-section elementor-column elementor-col-50 elementor-top-column elementor-element elementor-element-2e5991b\" data-id=\"2e5991b\" data-element_type=\"column\">\n\t\t\t<div class=\"elementor-column-wrap elementor-element-populated\">\n\t\t\t\t\t\t\t<div class=\"elementor-widget-wrap\">\n\t\t\t\t\t\t<div class=\"elementor-element elementor-element-107ea25 elementor-widget elementor-widget-aux_image\" data-id=\"107ea25\" data-element_type=\"widget\" data-widget_type=\"aux_image.default\">\n\t\t\t\t<div class=\"elementor-widget-container\">\n\t\t\t<section class=\"widget-container aux-widget-image aux-alignnone aux-parent-au1593b2b2\">\n    <div class=\"aux-media-hint-frame \">\n        <div class=\"aux-media-image \" >\n        \n            \n\n            \n            <img loading=\"lazy\" decoding=\"async\" width=\"450\" height=\"450\" src=\"https:\/\/grupobrtelecom.com.br\/wp-content\/uploads\/2023\/06\/cabeamento-normas-450x450.png\" class=\"aux-attachment aux-featured-image aux-attachment-id-229\" alt=\"cabeamento-normas\" srcset=\"https:\/\/grupobrtelecom.com.br\/wp-content\/uploads\/2023\/06\/cabeamento-normas-150x150.png 150w,https:\/\/grupobrtelecom.com.br\/wp-content\/uploads\/2023\/06\/cabeamento-normas-300x300.png 300w,https:\/\/grupobrtelecom.com.br\/wp-content\/uploads\/2023\/06\/cabeamento-normas-768x768.png 768w,https:\/\/grupobrtelecom.com.br\/wp-content\/uploads\/2023\/06\/cabeamento-normas-1024x1024.png 1024w,https:\/\/grupobrtelecom.com.br\/wp-content\/uploads\/2023\/06\/cabeamento-normas-450x450.png 450w\" data-ratio=\"1\" data-original-w=\"1080\" sizes=\"(max-width:479px) 480px,(max-width:767px) 768px,(max-width:1023px) 1024px,450px\" \/>            \n                <\/div>\n    <\/div>\n\n<\/section><!-- widget-container -->\t\t<\/div>\n\t\t\t\t<\/div>\n\t\t\t\t\t\t<\/div>\n\t\t\t\t\t<\/div>\n\t\t<\/div>\n\t\t\t\t\t\t\t\t<\/div>\n\t\t\t\t\t<\/div>\n\t\t<\/section>\n\t\t\t\t<section class=\"elementor-section elementor-top-section elementor-element elementor-element-18d312a elementor-section-boxed elementor-section-height-default elementor-section-height-default\" data-id=\"18d312a\" data-element_type=\"section\" data-settings=\"{&quot;background_background&quot;:&quot;classic&quot;}\">\n\t\t\t\t\t\t\t<div class=\"elementor-background-overlay\"><\/div>\n\t\t\t\t\t\t\t<div class=\"elementor-container elementor-column-gap-default\">\n\t\t\t\t\t\t\t<div class=\"elementor-row\">\n\t\t\t\t\t<div class=\"aux-parallax-section elementor-column elementor-col-50 elementor-top-column elementor-element elementor-element-e4cf3ca\" data-id=\"e4cf3ca\" data-element_type=\"column\">\n\t\t\t<div class=\"elementor-column-wrap elementor-element-populated\">\n\t\t\t\t\t\t\t<div class=\"elementor-widget-wrap\">\n\t\t\t\t\t\t<div class=\"elementor-element elementor-element-8f74ab1 aux-appear-watch-animation aux-fade-in-up elementor-widget__width-initial elementor-widget-tablet__width-initial elementor-widget elementor-widget-aux_modern_heading\" data-id=\"8f74ab1\" data-element_type=\"widget\" data-widget_type=\"aux_modern_heading.default\">\n\t\t\t\t<div class=\"elementor-widget-container\">\n\t\t\t<section class=\"aux-widget-modern-heading\">\n            <div class=\"aux-widget-inner\"><h6 class=\"aux-modern-heading-primary\"><\/h6><h3 class=\"aux-modern-heading-secondary\"><span class=\"aux-head-before\">Fa\u00e7a um or\u00e7amento do seu projeto<\/span><\/h3><div class=\"aux-modern-heading-description\"><p>Nosso time est\u00e1 apto e garante a execu\u00e7\u00e3o com 100% de satisfa\u00e7\u00e3o dos nossos clientes, contando com Gestores de Projetos experientes em ferramentas em ITIL, PMI e ISOS, que est\u00e3o presentes em todas as fases do projeto, garantindo prazos, or\u00e7amentos e qualidade total na entrega. Entre em contato atrav\u00e9s do telefone ou e-mail abaixo, ou se preferir, solicite um contato pelo formul\u00e1rio de solicita\u00e7\u00e3o.<\/p><\/div><\/div>\n        <\/section>\t\t<\/div>\n\t\t\t\t<\/div>\n\t\t\t\t<div class=\"elementor-element elementor-element-76584ab elementor-widget elementor-widget-aux_modern_button\" data-id=\"76584ab\" data-element_type=\"widget\" data-widget_type=\"aux_modern_button.default\">\n\t\t\t\t<div class=\"elementor-widget-container\">\n\t\t\t    <div class=\"aux-modern-button-wrapper aux-modern-button-align-left\" >\n                    <a class=\"aux-modern-button aux-caution aux-modern-button-lg aux-modern-button-curve aux-modern-button-outline aux-icon-\" href=\"https:\/\/manacadev.com.br\/contact-page\/\">\n                <div class=\"aux-overlay\"><\/div>\n                                    <div class=\"aux-icon \">\n                                            <\/div>\n                                <div class=\"aux-text\">\n<span class=\"aux-text-before\">Pe\u00e7a um or\u00e7amento<\/span>                <\/div>\n            <\/a>\n            \n    <\/div>\n\n    \t\t<\/div>\n\t\t\t\t<\/div>\n\t\t\t\t\t\t<\/div>\n\t\t\t\t\t<\/div>\n\t\t<\/div>\n\t\t\t\t<div class=\"aux-parallax-section elementor-column elementor-col-50 elementor-top-column elementor-element elementor-element-0ba4222\" data-id=\"0ba4222\" data-element_type=\"column\">\n\t\t\t<div class=\"elementor-column-wrap elementor-element-populated\">\n\t\t\t\t\t\t\t<div class=\"elementor-widget-wrap\">\n\t\t\t\t\t\t<div class=\"elementor-element elementor-element-85e50c0 elementor-widget elementor-widget-aux_image\" data-id=\"85e50c0\" data-element_type=\"widget\" data-widget_type=\"aux_image.default\">\n\t\t\t\t<div class=\"elementor-widget-container\">\n\t\t\t<section class=\"widget-container aux-widget-image aux-alignnone aux-parent-aufb45ba0d\">\n    <div class=\"aux-media-hint-frame \">\n        <div class=\"aux-media-image \" >\n        \n            \n\n            \n            <img loading=\"lazy\" decoding=\"async\" width=\"522\" height=\"480\" src=\"https:\/\/grupobrtelecom.com.br\/wp-content\/uploads\/2023\/09\/cta-man3.png\" class=\"aux-attachment aux-featured-image aux-attachment-id-905\" alt=\"cta-man3\" data-ratio=\"1.09\" data-original-w=\"522\" \/>            \n                <\/div>\n    <\/div>\n\n<\/section><!-- widget-container -->\t\t<\/div>\n\t\t\t\t<\/div>\n\t\t\t\t\t\t<\/div>\n\t\t\t\t\t<\/div>\n\t\t<\/div>\n\t\t\t\t\t\t\t\t<\/div>\n\t\t\t\t\t<\/div>\n\t\t<\/section>\n\t\t\t\t<section class=\"elementor-section elementor-top-section elementor-element elementor-element-23dcb4e elementor-section-boxed elementor-section-height-default elementor-section-height-default\" data-id=\"23dcb4e\" data-element_type=\"section\">\n\t\t\t\t\t\t<div class=\"elementor-container elementor-column-gap-default\">\n\t\t\t\t\t\t\t<div class=\"elementor-row\">\n\t\t\t\t\t<div class=\"aux-parallax-section elementor-column elementor-col-100 elementor-top-column elementor-element elementor-element-6104125\" data-id=\"6104125\" data-element_type=\"column\">\n\t\t\t<div class=\"elementor-column-wrap\">\n\t\t\t\t\t\t\t<div class=\"elementor-widget-wrap\">\n\t\t\t\t\t\t\t\t<\/div>\n\t\t\t\t\t<\/div>\n\t\t<\/div>\n\t\t\t\t\t\t\t\t<\/div>\n\t\t\t\t\t<\/div>\n\t\t<\/section>\n\t\t\t\t\t\t\t\t\t<\/div>\n\t\t\t<\/div>\n\t\t\t\t\t<\/div>\n\t\t","protected":false},"excerpt":{"rendered":"<p>Comodato e Loca\u00e7\u00e3o de Equipamentos O Grupo brtelecom reconhece a velocidade das atualiza\u00e7\u00f5es e avan\u00e7os das tecnologias, devido a isso, nossos profissionais s\u00e3o qualificados e treinados para operar solu\u00e7\u00f5es integradas que n\u00e3o est\u00e3o no foco do seu neg\u00f3cio, disponibilizando a loca\u00e7\u00e3o de equipamentos e servi\u00e7os diferenciados em nosso portf\u00f3lio. A loca\u00e7\u00e3o de equipamentos oferece diversos [&hellip;]<\/p>\n","protected":false},"author":1,"featured_media":0,"parent":0,"menu_order":0,"comment_status":"closed","ping_status":"closed","template":"","meta":{"footnotes":""},"_links":{"self":[{"href":"https:\/\/grupobrtelecom.com.br\/index.php?rest_route=\/wp\/v2\/pages\/261"}],"collection":[{"href":"https:\/\/grupobrtelecom.com.br\/index.php?rest_route=\/wp\/v2\/pages"}],"about":[{"href":"https:\/\/grupobrtelecom.com.br\/index.php?rest_route=\/wp\/v2\/types\/page"}],"author":[{"embeddable":true,"href":"https:\/\/grupobrtelecom.com.br\/index.php?rest_route=\/wp\/v2\/users\/1"}],"replies":[{"embeddable":true,"href":"https:\/\/grupobrtelecom.com.br\/index.php?rest_route=%2Fwp%2Fv2%2Fcomments&post=261"}],"version-history":[{"count":34,"href":"https:\/\/grupobrtelecom.com.br\/index.php?rest_route=\/wp\/v2\/pages\/261\/revisions"}],"predecessor-version":[{"id":1038,"href":"https:\/\/grupobrtelecom.com.br\/index.php?rest_route=\/wp\/v2\/pages\/261\/revisions\/1038"}],"wp:attachment":[{"href":"https:\/\/grupobrtelecom.com.br\/index.php?rest_route=%2Fwp%2Fv2%2Fmedia&parent=261"}],"curies":[{"name":"wp","href":"https:\/\/api.w.org\/{rel}","templated":true}]}}